{"id":2,"date":"2022-12-08T09:44:41","date_gmt":"2022-12-08T08:44:41","guid":{"rendered":"http:\/\/davidhbauer-guitares.com\/?page_id=2"},"modified":"2025-11-10T11:50:00","modified_gmt":"2025-11-10T10:50:00","slug":"page-d-exemple","status":"publish","type":"page","link":"https:\/\/davidhbauer-guitares.com\/index.php\/page-d-exemple\/","title":{"rendered":"ENTRETIEN &#038; R\u00c9GLAGES"},"content":{"rendered":"\n<div style=\"height:50px\" aria-hidden=\"true\" class=\"wp-block-spacer\"><\/div>\n\n\n\n<figure class=\"wp-block-image size-full is-resized\"><img loading=\"lazy\" decoding=\"async\" width=\"371\" height=\"448\" src=\"https:\/\/davidhbauer-guitares.com\/wp-content\/uploads\/2023\/01\/DAVIDHBAUER_entretien-reglages-logo.png\" alt=\"\" class=\"wp-image-77\" style=\"width:299px;height:361px\" srcset=\"https:\/\/davidhbauer-guitares.com\/wp-content\/uploads\/2023\/01\/DAVIDHBAUER_entretien-reglages-logo.png 371w, https:\/\/davidhbauer-guitares.com\/wp-content\/uploads\/2023\/01\/DAVIDHBAUER_entretien-reglages-logo-248x300.png 248w\" sizes=\"auto, (max-width: 371px) 100vw, 371px\" \/><\/figure>\n\n\n\n<div style=\"height:50px\" aria-hidden=\"true\" class=\"wp-block-spacer\"><\/div>\n\n\n\n<h2 class=\"wp-block-heading\"><strong>Plusieurs formules sont propos\u00e9es pour r\u00e9pondre aux besoins r\u00e9els du musicien.<\/strong><\/h2>\n\n\n\n<div style=\"height:50px\" aria-hidden=\"true\" class=\"wp-block-spacer\"><\/div>\n\n\n\n<p>Les op\u00e9rations \u00e9l\u00e9mentaires comme le r\u00e9glage d\u2019une cambrure de manche, de l\u2019intonation etc, permettent de corriger un param\u00e8tre particulier, identifi\u00e9 comme pouvant alt\u00e9rer la qualit\u00e9 de jeu de l\u2019instrument. <\/p>\n\n\n\n<div style=\"height:100px\" aria-hidden=\"true\" class=\"wp-block-spacer\"><\/div>\n\n\n\n<figure class=\"wp-block-image size-large\"><img loading=\"lazy\" decoding=\"async\" width=\"1024\" height=\"768\" src=\"https:\/\/davidhbauer-guitares.com\/wp-content\/uploads\/2023\/01\/DAVIDHBAUER-guitares-reglages-01-1024x768.jpg\" alt=\"\" class=\"wp-image-81\" srcset=\"https:\/\/davidhbauer-guitares.com\/wp-content\/uploads\/2023\/01\/DAVIDHBAUER-guitares-reglages-01-1024x768.jpg 1024w, https:\/\/davidhbauer-guitares.com\/wp-content\/uploads\/2023\/01\/DAVIDHBAUER-guitares-reglages-01-300x225.jpg 300w, https:\/\/davidhbauer-guitares.com\/wp-content\/uploads\/2023\/01\/DAVIDHBAUER-guitares-reglages-01-768x576.jpg 768w, https:\/\/davidhbauer-guitares.com\/wp-content\/uploads\/2023\/01\/DAVIDHBAUER-guitares-reglages-01-1536x1152.jpg 1536w, https:\/\/davidhbauer-guitares.com\/wp-content\/uploads\/2023\/01\/DAVIDHBAUER-guitares-reglages-01-2048x1536.jpg 2048w, https:\/\/davidhbauer-guitares.com\/wp-content\/uploads\/2023\/01\/DAVIDHBAUER-guitares-reglages-01-2000x1500.jpg 2000w\" sizes=\"auto, (max-width: 1024px) 100vw, 1024px\" \/><\/figure>\n\n\n\n<div style=\"height:100px\" aria-hidden=\"true\" class=\"wp-block-spacer\"><\/div>\n\n\n\n<p>Le plus souvent cependant, un r\u00e9glage complet permet de v\u00e9rifier l\u2019ensemble des param\u00e8tres de r\u00e9glage de manche, hauteur de cordes, justesse, et apportent confort et qualit\u00e9 de jeu \u00e0 l\u2019instrument. Le r\u00e9glage complet permet de v\u00e9rifier l\u2019\u00e9volution de l\u2019instrument et de garantir sa long\u00e9vit\u00e9. En effet, un instrument laiss\u00e9 de c\u00f4t\u00e9 peu progressivement prendre le pli du temps. Ses bois peuvent \u00e9voluer au gr\u00e8s des saisons. Dans mes exp\u00e9riences pass\u00e9es avec les guitares acoustiques notamment, nous entendions combien une guitare sonne de mieux en mieux si elle est jou\u00e9e. Mon exp\u00e9rience de luthier me laisse entendre que maintenir le subtil \u00e9quilibre entre bois et cordes, au bon accord, avec les bons param\u00e8tres de r\u00e9glages, donne le potentiel pour que l\u2019instrument soit bien jou\u00e9, et donc qu\u2019il sonne&nbsp;! \u2026 par cette subtile relation entre l\u2019instrument et son musicien, qui passe par l\u2019oreille et les doigts.<\/p>\n\n\n\n<div style=\"height:100px\" aria-hidden=\"true\" class=\"wp-block-spacer\"><\/div>\n\n\n\n<div class=\"wp-block-cover alignfull has-parallax is-position-center-center\" style=\"min-height:287px;aspect-ratio:unset;\"><div class=\"wp-block-cover__image-background wp-image-82 has-parallax\" style=\"background-position:50% 50%;background-image:url(https:\/\/davidhbauer-guitares.com\/wp-content\/uploads\/2023\/01\/P1300445-scaled.jpg)\"><\/div><span aria-hidden=\"true\" class=\"wp-block-cover__background has-black-background-color has-background-dim-40 has-background-dim\"><\/span><div class=\"wp-block-cover__inner-container is-layout-flow wp-block-cover-is-layout-flow\">\n<p class=\"has-text-align-center has-text-color has-huge-font-size\" style=\"color:#fffffa;line-height:1.1\"><strong>Pour les instruments de sc\u00e8nes et pour les musiciens les plus exigeants<\/strong><\/p>\n<\/div><\/div>\n\n\n\n<div style=\"height:50px\" aria-hidden=\"true\" class=\"wp-block-spacer\"><\/div>\n\n\n\n<p>La formule de r\u00e9vision compl\u00e8te ajoute au r\u00e9glage de tous les param\u00e8tres, <strong>une r\u00e9vision de l\u2019accastillage<\/strong>, <strong>un nettoyage de l\u2019instrument<\/strong>&nbsp;: un bain de jouvence pour les instruments tr\u00e8s sollicit\u00e9s ou abim\u00e9s par le temps. Elle s\u2019adresse aux professionnels exigeants, aux tr\u00e9sors sortis d\u00e9couverts au fond du grenier et \u00e0 tous ceux qui souhaitent le meilleur pour leur doudou \u00e0 cordes.<\/p>\n\n\n\n<div style=\"height:50px\" aria-hidden=\"true\" class=\"wp-block-spacer\"><\/div>\n\n\n\n<figure class=\"wp-block-image size-large\"><img loading=\"lazy\" decoding=\"async\" width=\"1024\" height=\"956\" src=\"https:\/\/davidhbauer-guitares.com\/wp-content\/uploads\/2023\/01\/P1300456-scaled-e1673291631213-1024x956.jpg\" alt=\"\" class=\"wp-image-85\" srcset=\"https:\/\/davidhbauer-guitares.com\/wp-content\/uploads\/2023\/01\/P1300456-scaled-e1673291631213-1024x956.jpg 1024w, https:\/\/davidhbauer-guitares.com\/wp-content\/uploads\/2023\/01\/P1300456-scaled-e1673291631213-300x280.jpg 300w, https:\/\/davidhbauer-guitares.com\/wp-content\/uploads\/2023\/01\/P1300456-scaled-e1673291631213-768x717.jpg 768w, https:\/\/davidhbauer-guitares.com\/wp-content\/uploads\/2023\/01\/P1300456-scaled-e1673291631213-1536x1434.jpg 1536w, https:\/\/davidhbauer-guitares.com\/wp-content\/uploads\/2023\/01\/P1300456-scaled-e1673291631213.jpg 1920w\" sizes=\"auto, (max-width: 1024px) 100vw, 1024px\" \/><\/figure>\n\n\n\n<div style=\"height:50px\" aria-hidden=\"true\" class=\"wp-block-spacer\"><\/div>\n\n\n\n<p>Chaque visite \u00e0 l\u2019atelier s\u2019accompagne d\u2019un parcours complet de l\u2019instrument selon les demandes du musicien mais aussi, selon le regard et l\u2019oreille du luthier. Ce dernier peut alors identifier des points qui peuvent \u00eatre am\u00e9lior\u00e9s comme la plan\u00e9it\u00e9 des frettes, la hauteur du sillet etc\u2026 je propose alors des op\u00e9rations compl\u00e9mentaires qui visent \u00e0 rendre tout son potentiel \u00e0 l\u2019instrument. Les cas les plus fr\u00e9quents sont des surfa\u00e7ages de frettes ou des changements, les modifications de sillets\u2026<\/p>\n\n\n\n<div style=\"height:100px\" aria-hidden=\"true\" class=\"wp-block-spacer\"><\/div>\n\n\n\n<h2 class=\"wp-block-heading\" style=\"text-transform:uppercase\">Tarifs<\/h2>\n\n\n\n<p>Forfait pour un montage de cordes (hors jeux de cordes)- avec nettoyage et contr\u00f4le visuel de l&#8217;instrument <strong>23.5 \u20ac<\/strong><\/p>\n\n\n\n<h3 class=\"wp-block-heading\" style=\"text-transform:uppercase\"><strong>R\u00e9glages<\/strong><\/h3>\n\n\n\n<p>Un changement de cordes est conseill\u00e9 avant r\u00e9glage si les cordes sont trop us\u00e9es.<\/p>\n\n\n\n<h3 class=\"wp-block-heading\" style=\"text-transform:uppercase\">Tarifs forfaitaires r\u00e9glages partiels<\/h3>\n\n\n\n<p>R\u00e9glage sillet de t\u00eate (hauteur de cordes) \u00e0 partir de <strong>30 \u20ac<\/strong><br>Contr\u00f4le et r\u00e9glage de cambrure de manche <strong>15 \u20ac<\/strong><br>R\u00e9glage sillet de Chevalet (acoustiques) <strong>20 \u20ac<\/strong><br>R\u00e9glage intonation (\u00e9lectriques) <strong>30 \u20ac<\/strong><br><\/p>\n\n\n\n<h3 class=\"wp-block-heading\" style=\"text-transform:uppercase\">Tarifs forfaitaires r\u00e9glages complets<\/h3>\n\n\n\n<p>Contr\u00f4le et r\u00e9glage de la cambrure du manche<br>Contr\u00f4le et r\u00e9glage du sillet de t\u00eate<br>Contr\u00f4le et r\u00e9glage du chevalet\/vibrato &#8211; hauteur des cordes<br>Contr\u00f4le et r\u00e9glage du chevalet\/vibrato &#8211; intonation (\u00e9lectriques)<br>R\u00e9glage de l\u2019\u00e9quilibre du vibrato flottant<\/p>\n\n\n\n<p>* R\u00e9glage guitares et basses acoustiques <strong>40 \u20ac<\/strong><br>* R\u00e9glage basses \u00e9lectriques 4 cordes <strong>50 \u20ac<\/strong><br>* R\u00e9glage basses \u00e9lectriques 5 cordes <strong>55 \u20ac<\/strong><br>* R\u00e9glage guitares \u00e9lectriques <strong>60 \u20ac<\/strong><br>* Compl\u00e9ment r\u00e9glage vibrato Flottant\u00a0<strong>20 \u20ac<\/strong><\/p>\n\n\n\n<p>* &nbsp;<em>les r\u00e9glages sont garantis 3 mois pour permettre des ajustements suivant le confort du musicien et les variations potentielles de la lutherie apr\u00e8s r\u00e9glage&nbsp;<\/em><\/p>\n\n\n\n<h3 class=\"wp-block-heading\" style=\"text-transform:uppercase\">Formules r\u00e9vision compl\u00e8te<\/h3>\n\n\n\n<p>R\u00e9glage complet, sillet, cambrure, chevalet, vibrato<br>Nettoyage des vernis, de la touche<br>V\u00e9rification des serrages visserie, courroie<br>Nettoyage, graissage des m\u00e9caniques (sauf bain d\u2019huile)<br>V\u00e9rification, entretient de l\u2019\u00e9lectronique<\/p>\n\n\n\n<p>* R\u00e9vision compl\u00e8te guitares et basses acoustiques <strong>70 \u20ac<\/strong><br>* R\u00e9vision compl\u00e8te guitares et basses  <strong>120 \u20ac<\/strong><br>* Compl\u00e9ment pour vibrato flottant <strong>30 \u20ac<\/strong><\/p>\n\n\n\n<p>* &nbsp;<em>les r\u00e9glages sont garantis 3 mois pour permettre des ajustements suivant le confort du musicien et les variations potentielles de la lutherie apr\u00e8s r\u00e9glage&nbsp;<\/em><\/p>\n\n\n\n<p>Compl\u00e9ment surfa\u00e7age \/ polissage des frettes <strong>80 \u20ac&nbsp;<\/strong><\/p>\n\n\n\n<p>* hors fourniture<\/p>\n\n\n\n<div style=\"height:100px\" aria-hidden=\"true\" class=\"wp-block-spacer\"><\/div>\n\n\n\n<p><\/p>\n","protected":false},"excerpt":{"rendered":"<p>Plusieurs formules sont propos\u00e9es pour r\u00e9pondre aux besoins r\u00e9els du musicien. Les op\u00e9rations \u00e9l\u00e9mentaires comme le r\u00e9glage d\u2019une cambrure de manche, de l\u2019intonation etc, permettent de corriger un param\u00e8tre particulier, identifi\u00e9 comme pouvant alt\u00e9rer la qualit\u00e9 de jeu de l\u2019instrument. Le plus souvent cependant, un r\u00e9glage complet permet de v\u00e9rifier l\u2019ensemble des param\u00e8tres de r\u00e9glage &hellip; <\/p>\n<p class=\"link-more\"><a href=\"https:\/\/davidhbauer-guitares.com\/index.php\/page-d-exemple\/\" class=\"more-link\">Read more<span class=\"screen-reader-text\"> &#8220;ENTRETIEN &#038; R\u00c9GLAGES&#8221;<\/span><\/a><\/p>\n","protected":false},"author":1,"featured_media":75,"parent":0,"menu_order":0,"comment_status":"closed","ping_status":"open","template":"","meta":{"footnotes":""},"class_list":["post-2","page","type-page","status-publish","has-post-thumbnail","hentry"],"jetpack_sharing_enabled":true,"_links":{"self":[{"href":"https:\/\/davidhbauer-guitares.com\/index.php\/wp-json\/wp\/v2\/pages\/2","targetHints":{"allow":["GET"]}}],"collection":[{"href":"https:\/\/davidhbauer-guitares.com\/index.php\/wp-json\/wp\/v2\/pages"}],"about":[{"href":"https:\/\/davidhbauer-guitares.com\/index.php\/wp-json\/wp\/v2\/types\/page"}],"author":[{"embeddable":true,"href":"https:\/\/davidhbauer-guitares.com\/index.php\/wp-json\/wp\/v2\/users\/1"}],"replies":[{"embeddable":true,"href":"https:\/\/davidhbauer-guitares.com\/index.php\/wp-json\/wp\/v2\/comments?post=2"}],"version-history":[{"count":40,"href":"https:\/\/davidhbauer-guitares.com\/index.php\/wp-json\/wp\/v2\/pages\/2\/revisions"}],"predecessor-version":[{"id":417,"href":"https:\/\/davidhbauer-guitares.com\/index.php\/wp-json\/wp\/v2\/pages\/2\/revisions\/417"}],"wp:featuredmedia":[{"embeddable":true,"href":"https:\/\/davidhbauer-guitares.com\/index.php\/wp-json\/wp\/v2\/media\/75"}],"wp:attachment":[{"href":"https:\/\/davidhbauer-guitares.com\/index.php\/wp-json\/wp\/v2\/media?parent=2"}],"curies":[{"name":"wp","href":"https:\/\/api.w.org\/{rel}","templated":true}]}}