{"id":6,"date":"2023-01-09T11:12:31","date_gmt":"2023-01-09T10:12:31","guid":{"rendered":"http:\/\/davidhbauer-guitares.com\/?page_id=6"},"modified":"2025-04-15T07:15:15","modified_gmt":"2025-04-15T05:15:15","slug":"beaux-portfolios-pour-des-creatifs-exceptionnels","status":"publish","type":"page","link":"https:\/\/davidhbauer-guitares.com\/","title":{"rendered":"DAVIDhBAUER GUITARES"},"content":{"rendered":"\n<p class=\"has-text-align-center\"><\/p>\n\n\n\n<div style=\"height:55px\" aria-hidden=\"true\" class=\"wp-block-spacer\"><\/div>\n\n\n\n<div class=\"wp-block-group alignfull has-cyan-bluish-gray-background-color has-background\"><div class=\"wp-block-group__inner-container is-layout-flow wp-block-group-is-layout-flow\">\n<div class=\"wp-block-columns is-layout-flex wp-container-core-columns-is-layout-9d6595d7 wp-block-columns-is-layout-flex\">\n<div class=\"wp-block-column is-vertically-aligned-center is-layout-flow wp-block-column-is-layout-flow\">\n<h2 class=\"has-black-color has-text-color wp-block-heading\">CUSTOM SHOP<\/h2>\n\n\n\n<p class=\"has-black-color has-text-color\">Brain storming et discussions partag\u00e9e avec vous pour laquelle j\u2019ai v\u00e9cu mes meilleurs moments \u00e0 l\u2019atelier.<\/p>\n\n\n\n<div class=\"wp-block-buttons is-horizontal is-content-justification-left is-layout-flex wp-container-core-buttons-is-layout-7e5fce0a wp-block-buttons-is-layout-flex\">\n<div class=\"wp-block-button is-style-outline is-style-outline--1\"><a class=\"wp-block-button__link wp-element-button\" href=\"https:\/\/davidhbauer-guitares.com\/index.php\/custom-shop\/\">EN SAVOIR +<\/a><\/div>\n<\/div>\n\n\n\n<p><\/p>\n<\/div>\n\n\n\n<div class=\"wp-block-column is-layout-flow wp-block-column-is-layout-flow\">\n<div style=\"height:48px\" aria-hidden=\"true\" class=\"wp-block-spacer\"><\/div>\n\n\n\n<figure class=\"wp-block-image size-large\"><img loading=\"lazy\" decoding=\"async\" width=\"1024\" height=\"768\" src=\"https:\/\/davidhbauer-guitares.com\/wp-content\/uploads\/2023\/01\/DAVIDHBAUER-GUITARES-CUSTOMSHOP-couv-1024x768.jpg\" alt=\"\" class=\"wp-image-197\" srcset=\"https:\/\/davidhbauer-guitares.com\/wp-content\/uploads\/2023\/01\/DAVIDHBAUER-GUITARES-CUSTOMSHOP-couv-1024x768.jpg 1024w, https:\/\/davidhbauer-guitares.com\/wp-content\/uploads\/2023\/01\/DAVIDHBAUER-GUITARES-CUSTOMSHOP-couv-300x225.jpg 300w, https:\/\/davidhbauer-guitares.com\/wp-content\/uploads\/2023\/01\/DAVIDHBAUER-GUITARES-CUSTOMSHOP-couv-768x576.jpg 768w, https:\/\/davidhbauer-guitares.com\/wp-content\/uploads\/2023\/01\/DAVIDHBAUER-GUITARES-CUSTOMSHOP-couv-1536x1152.jpg 1536w, https:\/\/davidhbauer-guitares.com\/wp-content\/uploads\/2023\/01\/DAVIDHBAUER-GUITARES-CUSTOMSHOP-couv.jpg 2000w\" sizes=\"auto, (max-width: 1024px) 100vw, 1024px\" \/><\/figure>\n<\/div>\n<\/div>\n<\/div><\/div>\n\n\n\n<div class=\"wp-block-group alignfull\"><div class=\"wp-block-group__inner-container is-layout-flow wp-block-group-is-layout-flow\">\n<div class=\"wp-block-columns are-vertically-aligned-center is-layout-flex wp-container-core-columns-is-layout-9d6595d7 wp-block-columns-is-layout-flex\">\n<div class=\"wp-block-column is-vertically-aligned-center is-layout-flow wp-block-column-is-layout-flow\">\n<div style=\"height:48px\" aria-hidden=\"true\" class=\"wp-block-spacer\"><\/div>\n\n\n\n<figure class=\"wp-block-image size-large\"><img loading=\"lazy\" decoding=\"async\" width=\"1024\" height=\"768\" src=\"https:\/\/davidhbauer-guitares.com\/wp-content\/uploads\/2023\/01\/DAVIDHBAUER-GUITARES-REPARATIONS-RESTAURATION-03-1024x768.jpg\" alt=\"\" class=\"wp-image-230\" srcset=\"https:\/\/davidhbauer-guitares.com\/wp-content\/uploads\/2023\/01\/DAVIDHBAUER-GUITARES-REPARATIONS-RESTAURATION-03-1024x768.jpg 1024w, https:\/\/davidhbauer-guitares.com\/wp-content\/uploads\/2023\/01\/DAVIDHBAUER-GUITARES-REPARATIONS-RESTAURATION-03-300x225.jpg 300w, https:\/\/davidhbauer-guitares.com\/wp-content\/uploads\/2023\/01\/DAVIDHBAUER-GUITARES-REPARATIONS-RESTAURATION-03-768x576.jpg 768w, https:\/\/davidhbauer-guitares.com\/wp-content\/uploads\/2023\/01\/DAVIDHBAUER-GUITARES-REPARATIONS-RESTAURATION-03-1536x1152.jpg 1536w, https:\/\/davidhbauer-guitares.com\/wp-content\/uploads\/2023\/01\/DAVIDHBAUER-GUITARES-REPARATIONS-RESTAURATION-03-2048x1536.jpg 2048w, https:\/\/davidhbauer-guitares.com\/wp-content\/uploads\/2023\/01\/DAVIDHBAUER-GUITARES-REPARATIONS-RESTAURATION-03-2000x1500.jpg 2000w\" sizes=\"auto, (max-width: 1024px) 100vw, 1024px\" \/><\/figure>\n<\/div>\n\n\n\n<div class=\"wp-block-column is-vertically-aligned-center is-layout-flow wp-block-column-is-layout-flow\">\n<h2 class=\"wp-block-heading\">R\u00c9PARATIONS &amp; RESTAURATIONS<\/h2>\n\n\n\n<p>Bois fendus, t\u00eates cass\u00e9es, joints d\u00e9coll\u00e9s, frettes us\u00e9es, m\u00e9canique HS, \u00e9lectronique aphone, vernis craquel\u00e9s, accastillage vagabond. Les op\u00e9rations de r\u00e9paration ne manquent pas.<\/p>\n\n\n\n<div class=\"wp-block-buttons is-layout-flex wp-block-buttons-is-layout-flex\">\n<div class=\"wp-block-button is-style-outline is-style-outline--2\"><a class=\"wp-block-button__link wp-element-button\" href=\"https:\/\/davidhbauer-guitares.com\/index.php\/reparations-restauration\/\">Services<\/a><\/div>\n<\/div>\n<\/div>\n<\/div>\n<\/div><\/div>\n\n\n\n<div class=\"wp-block-group alignfull has-black-background-color has-background\"><div class=\"wp-block-group__inner-container is-layout-flow wp-block-group-is-layout-flow\">\n<h2 class=\"has-text-align-center has-white-color has-text-color wp-block-heading\">DAVIDHBAUER GUITARES<\/h2>\n\n\n\n<figure class=\"wp-block-gallery aligncenter has-nested-images columns-default is-cropped wp-block-gallery-3 is-layout-flex wp-block-gallery-is-layout-flex\">\n<figure class=\"wp-block-image size-large\"><img loading=\"lazy\" decoding=\"async\" width=\"1024\" height=\"768\" data-id=\"28\" src=\"https:\/\/davidhbauer-guitares.com\/wp-content\/uploads\/2023\/01\/P1300539-1024x768.jpg\" alt=\"\" class=\"wp-image-28\" srcset=\"https:\/\/davidhbauer-guitares.com\/wp-content\/uploads\/2023\/01\/P1300539-1024x768.jpg 1024w, https:\/\/davidhbauer-guitares.com\/wp-content\/uploads\/2023\/01\/P1300539-300x225.jpg 300w, https:\/\/davidhbauer-guitares.com\/wp-content\/uploads\/2023\/01\/P1300539-768x576.jpg 768w, https:\/\/davidhbauer-guitares.com\/wp-content\/uploads\/2023\/01\/P1300539-1536x1152.jpg 1536w, https:\/\/davidhbauer-guitares.com\/wp-content\/uploads\/2023\/01\/P1300539-2048x1536.jpg 2048w, https:\/\/davidhbauer-guitares.com\/wp-content\/uploads\/2023\/01\/P1300539-2000x1500.jpg 2000w\" sizes=\"auto, (max-width: 1024px) 100vw, 1024px\" \/><\/figure>\n\n\n\n<figure class=\"wp-block-image size-large\"><img loading=\"lazy\" decoding=\"async\" width=\"1024\" height=\"768\" data-id=\"27\" src=\"https:\/\/davidhbauer-guitares.com\/wp-content\/uploads\/2023\/01\/P1300534-1024x768.jpg\" alt=\"\" class=\"wp-image-27\" srcset=\"https:\/\/davidhbauer-guitares.com\/wp-content\/uploads\/2023\/01\/P1300534-1024x768.jpg 1024w, https:\/\/davidhbauer-guitares.com\/wp-content\/uploads\/2023\/01\/P1300534-300x225.jpg 300w, https:\/\/davidhbauer-guitares.com\/wp-content\/uploads\/2023\/01\/P1300534-768x576.jpg 768w, https:\/\/davidhbauer-guitares.com\/wp-content\/uploads\/2023\/01\/P1300534-1536x1152.jpg 1536w, https:\/\/davidhbauer-guitares.com\/wp-content\/uploads\/2023\/01\/P1300534-2048x1536.jpg 2048w, https:\/\/davidhbauer-guitares.com\/wp-content\/uploads\/2023\/01\/P1300534-2000x1500.jpg 2000w\" sizes=\"auto, (max-width: 1024px) 100vw, 1024px\" \/><\/figure>\n\n\n\n<figure class=\"wp-block-image size-large\"><img loading=\"lazy\" decoding=\"async\" width=\"768\" height=\"1024\" data-id=\"26\" src=\"https:\/\/davidhbauer-guitares.com\/wp-content\/uploads\/2023\/01\/P1300531-768x1024.jpg\" alt=\"\" class=\"wp-image-26\" srcset=\"https:\/\/davidhbauer-guitares.com\/wp-content\/uploads\/2023\/01\/P1300531-768x1024.jpg 768w, https:\/\/davidhbauer-guitares.com\/wp-content\/uploads\/2023\/01\/P1300531-225x300.jpg 225w, https:\/\/davidhbauer-guitares.com\/wp-content\/uploads\/2023\/01\/P1300531-1152x1536.jpg 1152w, https:\/\/davidhbauer-guitares.com\/wp-content\/uploads\/2023\/01\/P1300531-1536x2048.jpg 1536w, https:\/\/davidhbauer-guitares.com\/wp-content\/uploads\/2023\/01\/P1300531-2000x2667.jpg 2000w, https:\/\/davidhbauer-guitares.com\/wp-content\/uploads\/2023\/01\/P1300531-scaled.jpg 1920w\" sizes=\"auto, (max-width: 768px) 100vw, 768px\" \/><\/figure>\n\n\n\n<figure class=\"wp-block-image size-large\"><img loading=\"lazy\" decoding=\"async\" width=\"768\" height=\"1024\" data-id=\"25\" src=\"https:\/\/davidhbauer-guitares.com\/wp-content\/uploads\/2023\/01\/P1300523-768x1024.jpg\" alt=\"\" class=\"wp-image-25\" srcset=\"https:\/\/davidhbauer-guitares.com\/wp-content\/uploads\/2023\/01\/P1300523-768x1024.jpg 768w, https:\/\/davidhbauer-guitares.com\/wp-content\/uploads\/2023\/01\/P1300523-225x300.jpg 225w, https:\/\/davidhbauer-guitares.com\/wp-content\/uploads\/2023\/01\/P1300523-1152x1536.jpg 1152w, https:\/\/davidhbauer-guitares.com\/wp-content\/uploads\/2023\/01\/P1300523-1536x2048.jpg 1536w, https:\/\/davidhbauer-guitares.com\/wp-content\/uploads\/2023\/01\/P1300523-2000x2666.jpg 2000w, https:\/\/davidhbauer-guitares.com\/wp-content\/uploads\/2023\/01\/P1300523-scaled.jpg 1920w\" sizes=\"auto, (max-width: 768px) 100vw, 768px\" \/><\/figure>\n\n\n\n<figure class=\"wp-block-image size-large\"><img loading=\"lazy\" decoding=\"async\" width=\"1024\" height=\"768\" data-id=\"24\" src=\"https:\/\/davidhbauer-guitares.com\/wp-content\/uploads\/2023\/01\/P1300517-1024x768.jpg\" alt=\"\" class=\"wp-image-24\" srcset=\"https:\/\/davidhbauer-guitares.com\/wp-content\/uploads\/2023\/01\/P1300517-1024x768.jpg 1024w, https:\/\/davidhbauer-guitares.com\/wp-content\/uploads\/2023\/01\/P1300517-300x225.jpg 300w, https:\/\/davidhbauer-guitares.com\/wp-content\/uploads\/2023\/01\/P1300517-768x576.jpg 768w, https:\/\/davidhbauer-guitares.com\/wp-content\/uploads\/2023\/01\/P1300517-1536x1152.jpg 1536w, https:\/\/davidhbauer-guitares.com\/wp-content\/uploads\/2023\/01\/P1300517-2048x1536.jpg 2048w, https:\/\/davidhbauer-guitares.com\/wp-content\/uploads\/2023\/01\/P1300517-2000x1500.jpg 2000w\" sizes=\"auto, (max-width: 1024px) 100vw, 1024px\" \/><\/figure>\n\n\n\n<figure class=\"wp-block-image size-large\"><img loading=\"lazy\" decoding=\"async\" width=\"1024\" height=\"768\" data-id=\"29\" src=\"https:\/\/davidhbauer-guitares.com\/wp-content\/uploads\/2023\/01\/P1300543-1024x768.jpg\" alt=\"\" class=\"wp-image-29\" srcset=\"https:\/\/davidhbauer-guitares.com\/wp-content\/uploads\/2023\/01\/P1300543-1024x768.jpg 1024w, https:\/\/davidhbauer-guitares.com\/wp-content\/uploads\/2023\/01\/P1300543-300x225.jpg 300w, https:\/\/davidhbauer-guitares.com\/wp-content\/uploads\/2023\/01\/P1300543-768x576.jpg 768w, https:\/\/davidhbauer-guitares.com\/wp-content\/uploads\/2023\/01\/P1300543-1536x1152.jpg 1536w, https:\/\/davidhbauer-guitares.com\/wp-content\/uploads\/2023\/01\/P1300543-2048x1536.jpg 2048w, https:\/\/davidhbauer-guitares.com\/wp-content\/uploads\/2023\/01\/P1300543-2000x1500.jpg 2000w\" sizes=\"auto, (max-width: 1024px) 100vw, 1024px\" \/><\/figure>\n<\/figure>\n<\/div><\/div>\n\n\n\n<div class=\"wp-block-cover alignfull is-light has-parallax is-position-center-center\" style=\"min-height:375px;aspect-ratio:unset;\"><span aria-hidden=\"true\" class=\"wp-block-cover__background has-black-background-color has-background-dim-40 has-background-dim\"><\/span><div role=\"img\" class=\"wp-block-cover__image-background wp-image-287 has-parallax\" style=\"background-position:50% 50%;background-image:url(https:\/\/davidhbauer-guitares.com\/wp-content\/uploads\/2023\/01\/DAVIDHBAUER-GUITARES-luthier-02.jpg)\"><\/div><div class=\"wp-block-cover__inner-container is-layout-flow wp-block-cover-is-layout-flow\">\n<div style=\"height:39px\" aria-hidden=\"true\" class=\"wp-block-spacer\"><\/div>\n\n\n\n<p class=\"has-text-align-center has-text-color has-huge-font-size\" style=\"color:#fffffa;line-height:1.1\"><strong>Renforcer ce lien du musicien \u00e0 son instrument&nbsp;<\/strong><\/p>\n\n\n\n<div class=\"wp-block-buttons is-horizontal is-content-justification-center is-layout-flex wp-container-core-buttons-is-layout-499968f5 wp-block-buttons-is-layout-flex\">\n<div class=\"wp-block-button is-style-outline is-style-outline--4\"><a class=\"wp-block-button__link has-white-color has-text-color wp-element-button\" href=\"https:\/\/davidhbauer-guitares.com\/index.php\/facture-dinstruments\/\">ATELIER<\/a><\/div>\n<\/div>\n<\/div><\/div>\n","protected":false},"excerpt":{"rendered":"<p>CUSTOM SHOP Brain storming et discussions partag\u00e9e avec vous pour laquelle j\u2019ai v\u00e9cu mes meilleurs moments \u00e0 l\u2019atelier. R\u00c9PARATIONS &amp; RESTAURATIONS Bois fendus, t\u00eates cass\u00e9es, joints d\u00e9coll\u00e9s, frettes us\u00e9es, m\u00e9canique HS, \u00e9lectronique aphone, vernis craquel\u00e9s, accastillage vagabond. Les op\u00e9rations de r\u00e9paration ne manquent pas. DAVIDHBAUER GUITARES<\/p>\n","protected":false},"author":1,"featured_media":44,"parent":0,"menu_order":0,"comment_status":"closed","ping_status":"closed","template":"","meta":{"footnotes":""},"class_list":["post-6","page","type-page","status-publish","has-post-thumbnail","hentry"],"jetpack_sharing_enabled":true,"_links":{"self":[{"href":"https:\/\/davidhbauer-guitares.com\/index.php\/wp-json\/wp\/v2\/pages\/6","targetHints":{"allow":["GET"]}}],"collection":[{"href":"https:\/\/davidhbauer-guitares.com\/index.php\/wp-json\/wp\/v2\/pages"}],"about":[{"href":"https:\/\/davidhbauer-guitares.com\/index.php\/wp-json\/wp\/v2\/types\/page"}],"author":[{"embeddable":true,"href":"https:\/\/davidhbauer-guitares.com\/index.php\/wp-json\/wp\/v2\/users\/1"}],"replies":[{"embeddable":true,"href":"https:\/\/davidhbauer-guitares.com\/index.php\/wp-json\/wp\/v2\/comments?post=6"}],"version-history":[{"count":15,"href":"https:\/\/davidhbauer-guitares.com\/index.php\/wp-json\/wp\/v2\/pages\/6\/revisions"}],"predecessor-version":[{"id":409,"href":"https:\/\/davidhbauer-guitares.com\/index.php\/wp-json\/wp\/v2\/pages\/6\/revisions\/409"}],"wp:featuredmedia":[{"embeddable":true,"href":"https:\/\/davidhbauer-guitares.com\/index.php\/wp-json\/wp\/v2\/media\/44"}],"wp:attachment":[{"href":"https:\/\/davidhbauer-guitares.com\/index.php\/wp-json\/wp\/v2\/media?parent=6"}],"curies":[{"name":"wp","href":"https:\/\/api.w.org\/{rel}","templated":true}]}}