{"id":99,"date":"2023-01-09T20:19:23","date_gmt":"2023-01-09T19:19:23","guid":{"rendered":"http:\/\/davidhbauer-guitares.com\/?page_id=99"},"modified":"2025-04-15T07:11:53","modified_gmt":"2025-04-15T05:11:53","slug":"reparations-restauration","status":"publish","type":"page","link":"https:\/\/davidhbauer-guitares.com\/index.php\/reparations-restauration\/","title":{"rendered":"R\u00c9PARATIONS &#038; RESTAURATION"},"content":{"rendered":"\n<div style=\"height:50px\" aria-hidden=\"true\" class=\"wp-block-spacer\"><\/div>\n\n\n\n<figure class=\"wp-block-image size-full is-resized\"><img loading=\"lazy\" decoding=\"async\" width=\"565\" height=\"450\" src=\"https:\/\/davidhbauer-guitares.com\/wp-content\/uploads\/2023\/01\/DAVIDHBAUER_reparation-restauration-logo.png\" alt=\"\" class=\"wp-image-103\" style=\"width:400px;height:361px\" srcset=\"https:\/\/davidhbauer-guitares.com\/wp-content\/uploads\/2023\/01\/DAVIDHBAUER_reparation-restauration-logo.png 565w, https:\/\/davidhbauer-guitares.com\/wp-content\/uploads\/2023\/01\/DAVIDHBAUER_reparation-restauration-logo-300x239.png 300w\" sizes=\"auto, (max-width: 565px) 100vw, 565px\" \/><\/figure>\n\n\n\n<div style=\"height:50px\" aria-hidden=\"true\" class=\"wp-block-spacer\"><\/div>\n\n\n\n<p>Bois fendus, t\u00eates cass\u00e9es, joints d\u00e9coll\u00e9s, frettes us\u00e9es, m\u00e9canique HS, \u00e9lectronique aphone, vernis craquel\u00e9s, accastillage vagabond. Les op\u00e9rations de r\u00e9paration ne manquent pas. Certaines, standard, sont forfaitaires, d\u2019autres exigent parfois de se creuser l\u2019esprit. Elles font appel aux multi comp\u00e9tences du luthier et de fait, parfois \u00e0 la n\u00e9cessit\u00e9 de chercher la meilleure approche. Car tous les instruments ne sont pas de m\u00eame facture et il importe de savoir la lire. Un instrument qui vient dans mon atelier est examin\u00e9 sous tous ces d\u00e9tails. Une r\u00e9paration peut \u00eatre basique\u2026 ou pas, et alors, une rupture de la cha\u00eene temporelle, face \u00e0 l\u2019\u00e9normit\u00e9 des travaux conduit de la r\u00e9paration \u00e0 la restauration\u2026<\/p>\n\n\n\n<div style=\"height:50px\" aria-hidden=\"true\" class=\"wp-block-spacer\"><\/div>\n\n\n\n<figure class=\"wp-block-image size-large\"><img loading=\"lazy\" decoding=\"async\" width=\"1024\" height=\"683\" src=\"https:\/\/davidhbauer-guitares.com\/wp-content\/uploads\/2023\/01\/DAVIDHBAUER-GUITARES-REPARATIONS-RESTAURATION-05-1024x683.jpg\" alt=\"\" class=\"wp-image-262\" srcset=\"https:\/\/davidhbauer-guitares.com\/wp-content\/uploads\/2023\/01\/DAVIDHBAUER-GUITARES-REPARATIONS-RESTAURATION-05-1024x683.jpg 1024w, https:\/\/davidhbauer-guitares.com\/wp-content\/uploads\/2023\/01\/DAVIDHBAUER-GUITARES-REPARATIONS-RESTAURATION-05-300x200.jpg 300w, https:\/\/davidhbauer-guitares.com\/wp-content\/uploads\/2023\/01\/DAVIDHBAUER-GUITARES-REPARATIONS-RESTAURATION-05-768x512.jpg 768w, https:\/\/davidhbauer-guitares.com\/wp-content\/uploads\/2023\/01\/DAVIDHBAUER-GUITARES-REPARATIONS-RESTAURATION-05-1536x1024.jpg 1536w\" sizes=\"auto, (max-width: 1024px) 100vw, 1024px\" \/><\/figure>\n\n\n\n<div style=\"height:50px\" aria-hidden=\"true\" class=\"wp-block-spacer\"><\/div>\n\n\n\n<p>\u2026 de la r\u00e9paration d\u2019une d\u00e9faillance \u00e0 la restauration de l\u2019instrument\u2026<\/p>\n\n\n\n<div class=\"wp-block-columns is-layout-flex wp-container-core-columns-is-layout-9d6595d7 wp-block-columns-is-layout-flex\">\n<div class=\"wp-block-column is-layout-flow wp-block-column-is-layout-flow\">\n<figure class=\"wp-block-image size-large\"><img loading=\"lazy\" decoding=\"async\" width=\"1024\" height=\"768\" src=\"https:\/\/davidhbauer-guitares.com\/wp-content\/uploads\/2023\/01\/DAVIDHBAUER-GUITARES-REPARATIONS-RESTAURATION-03-1-1024x768.jpg\" alt=\"\" class=\"wp-image-260\" srcset=\"https:\/\/davidhbauer-guitares.com\/wp-content\/uploads\/2023\/01\/DAVIDHBAUER-GUITARES-REPARATIONS-RESTAURATION-03-1-1024x768.jpg 1024w, https:\/\/davidhbauer-guitares.com\/wp-content\/uploads\/2023\/01\/DAVIDHBAUER-GUITARES-REPARATIONS-RESTAURATION-03-1-300x225.jpg 300w, https:\/\/davidhbauer-guitares.com\/wp-content\/uploads\/2023\/01\/DAVIDHBAUER-GUITARES-REPARATIONS-RESTAURATION-03-1-768x576.jpg 768w, https:\/\/davidhbauer-guitares.com\/wp-content\/uploads\/2023\/01\/DAVIDHBAUER-GUITARES-REPARATIONS-RESTAURATION-03-1-1536x1152.jpg 1536w, https:\/\/davidhbauer-guitares.com\/wp-content\/uploads\/2023\/01\/DAVIDHBAUER-GUITARES-REPARATIONS-RESTAURATION-03-1-2048x1536.jpg 2048w, https:\/\/davidhbauer-guitares.com\/wp-content\/uploads\/2023\/01\/DAVIDHBAUER-GUITARES-REPARATIONS-RESTAURATION-03-1-2000x1500.jpg 2000w\" sizes=\"auto, (max-width: 1024px) 100vw, 1024px\" \/><\/figure>\n<\/div>\n\n\n\n<div class=\"wp-block-column is-layout-flow wp-block-column-is-layout-flow\">\n<figure class=\"wp-block-image size-large\"><img loading=\"lazy\" decoding=\"async\" width=\"1024\" height=\"768\" src=\"https:\/\/davidhbauer-guitares.com\/wp-content\/uploads\/2023\/01\/DAVIDHBAUER-GUITARES-REPARATIONS-RESTAURATION-04-1024x768.jpg\" alt=\"\" class=\"wp-image-261\" srcset=\"https:\/\/davidhbauer-guitares.com\/wp-content\/uploads\/2023\/01\/DAVIDHBAUER-GUITARES-REPARATIONS-RESTAURATION-04-1024x768.jpg 1024w, https:\/\/davidhbauer-guitares.com\/wp-content\/uploads\/2023\/01\/DAVIDHBAUER-GUITARES-REPARATIONS-RESTAURATION-04-300x225.jpg 300w, https:\/\/davidhbauer-guitares.com\/wp-content\/uploads\/2023\/01\/DAVIDHBAUER-GUITARES-REPARATIONS-RESTAURATION-04-768x576.jpg 768w, https:\/\/davidhbauer-guitares.com\/wp-content\/uploads\/2023\/01\/DAVIDHBAUER-GUITARES-REPARATIONS-RESTAURATION-04-1536x1152.jpg 1536w, https:\/\/davidhbauer-guitares.com\/wp-content\/uploads\/2023\/01\/DAVIDHBAUER-GUITARES-REPARATIONS-RESTAURATION-04-2048x1536.jpg 2048w, https:\/\/davidhbauer-guitares.com\/wp-content\/uploads\/2023\/01\/DAVIDHBAUER-GUITARES-REPARATIONS-RESTAURATION-04-2000x1500.jpg 2000w\" sizes=\"auto, (max-width: 1024px) 100vw, 1024px\" \/><\/figure>\n<\/div>\n<\/div>\n\n\n\n<p>\u2026 restaurations<\/p>\n\n\n\n<p>Ici se poursuit l\u2019enqu\u00eate, par une approche globale, quasi syst\u00e9mique, pour r\u00e9tablir les qualit\u00e9s d\u2019origine de l\u2019instrument. Celles-ci peuvent \u00eatre perdues dans les limbes du temps.&nbsp; Remettre en \u00e9quation, retrouver les gestes pass\u00e9s, enqu\u00eater, comprendre et parfois deviner\u2026 d\u00e9finir une approche compatible.<\/p>\n\n\n\n<p>L\u2019instrument porte une histoire et l\u00e0, le luthier charg\u00e9 de la restauration va devoir s\u2019int\u00e9grer dans cette histoire. C\u2019est une responsabilit\u00e9, charg\u00e9e de respect et d\u2019\u00e9coute. La restauration est un art en soit qui ne compte pas ses heures, dans une cha\u00eene de transmission et de savoirs faires et d\u2019obsession de ne pas d\u00e9faire.<\/p>\n\n\n\n<figure class=\"wp-block-image size-large\"><img loading=\"lazy\" decoding=\"async\" width=\"1024\" height=\"833\" src=\"https:\/\/davidhbauer-guitares.com\/wp-content\/uploads\/2023\/01\/DAVIDHBAUER-GUITARES-REPARATIONS-RESTAURATION-02-scaled-e1673865573118-1024x833.jpg\" alt=\"\" class=\"wp-image-257\" srcset=\"https:\/\/davidhbauer-guitares.com\/wp-content\/uploads\/2023\/01\/DAVIDHBAUER-GUITARES-REPARATIONS-RESTAURATION-02-scaled-e1673865573118-1024x833.jpg 1024w, https:\/\/davidhbauer-guitares.com\/wp-content\/uploads\/2023\/01\/DAVIDHBAUER-GUITARES-REPARATIONS-RESTAURATION-02-scaled-e1673865573118-300x244.jpg 300w, https:\/\/davidhbauer-guitares.com\/wp-content\/uploads\/2023\/01\/DAVIDHBAUER-GUITARES-REPARATIONS-RESTAURATION-02-scaled-e1673865573118-768x625.jpg 768w, https:\/\/davidhbauer-guitares.com\/wp-content\/uploads\/2023\/01\/DAVIDHBAUER-GUITARES-REPARATIONS-RESTAURATION-02-scaled-e1673865573118-1536x1249.jpg 1536w, https:\/\/davidhbauer-guitares.com\/wp-content\/uploads\/2023\/01\/DAVIDHBAUER-GUITARES-REPARATIONS-RESTAURATION-02-scaled-e1673865573118-2048x1665.jpg 2048w, https:\/\/davidhbauer-guitares.com\/wp-content\/uploads\/2023\/01\/DAVIDHBAUER-GUITARES-REPARATIONS-RESTAURATION-02-scaled-e1673865573118-2000x1626.jpg 2000w\" sizes=\"auto, (max-width: 1024px) 100vw, 1024px\" \/><\/figure>\n\n\n\n<p>Pour la restauration, l\u2019atelier se remplit au fil du temps de bric et de brocs, de trucs en vrac, de petits tr\u00e9sors de mati\u00e8re, d\u2019objets r\u00e9cup\u00e9r\u00e9s, dans la boite \u00e0 \u00ab&nbsp;\u00e7a peut&nbsp;\u00bb d\u2019une fontaine de jouvence\u2026<\/p>\n\n\n\n<div style=\"height:100px\" aria-hidden=\"true\" class=\"wp-block-spacer\"><\/div>\n\n\n\n<h2 class=\"wp-block-heading\"><strong>TARIFS<\/strong><\/h2>\n\n\n\n<h3 class=\"wp-block-heading\" style=\"text-transform:uppercase\"><strong>Frettes<\/strong><\/h3>\n\n\n\n<p>Guitare classique : forfait refrettage&nbsp; (planim\u00e9trie + r\u00e9glage inclus) <strong>180 \u20ac<\/strong><br>Guitares et basses : forfait refrettage (planim\u00e9trie + r\u00e9glage inclus) <strong>200 \u20ac<\/strong><br>Compl\u00e9ment frettes Inox &#8211; \u00e0 titre indicatif <strong>60 \u20ac<br><\/strong>Compl\u00e9ment refrettage si filet de touche <strong>50 \u20ac<br><\/strong>Compl\u00e9ment vernis sur touche \u00e9rable <strong>80 \u20ac&nbsp;<\/strong><br>Refrettage partiel: tarif fonction du nombre de frettes \u00e0 partir de <strong>40 \u20ac&nbsp;<\/strong><br><\/p>\n\n\n\n<p>Transformez votre basse en fretless (planim\u00e9trie + r\u00e9glage inclus) <strong>120 \u20ac<\/strong>&nbsp;<\/p>\n\n\n\n<h3 class=\"wp-block-heading\" style=\"text-transform:uppercase\"><strong>T\u00eate<\/strong><\/h3>\n\n\n\n<p>Recollage de t\u00eate cass\u00e9e <strong>60 \u20ac<br><\/strong>* Compl\u00e9ment pour palmette de t\u00eate <strong>50 \u20ac<\/strong><br>Recollage t\u00eate cass\u00e9e et vernis simple <strong>100 \u20ac&nbsp;<\/strong><br>* Changement standard de m\u00e9caniques <strong>30 \u20ac<\/strong><br>* Changement de m\u00e9caniques non standard <strong>50 \u20ac<\/strong>&nbsp;<\/p>\n\n\n\n<p>* hors fourniture<\/p>\n\n\n\n<h3 class=\"wp-block-heading\" style=\"text-transform:uppercase\"><strong>Sillet<\/strong><\/h3>\n\n\n\n<p>* Pose d\u2019un sillet standard (sans r\u00e9glage de la hauteur) <strong>20 \u20ac<\/strong><br>Fabrication d\u2019un sillet en os (<strong>40 \u20ac + nb cordes x 2,5\u20ac<\/strong>) &#8211; exemples de tarifs:<br>-&gt; 4 cordes <strong>50<\/strong><br>-&gt; 6 cordes <strong>55<\/strong><br>-&gt; 8 cordes <strong>60<\/strong><br>-&gt;12 cordes <strong>70 \u20ac<\/strong>&nbsp;<br>Compl\u00e9ment pour r\u00e9glage de la hauteur des cordes <strong>30 \u20ac<\/strong><\/p>\n\n\n\n<p>Sillet de chevalet en os pour guitare acoustique <strong>40 \u20ac<\/strong><\/p>\n\n\n\n<p>* hors fourniture<\/p>\n\n\n\n<h3 class=\"wp-block-heading\" style=\"text-transform:uppercase\"><strong>Manche<\/strong><\/h3>\n\n\n\n<p>Neck reset (selon possibilit\u00e9 \/hors refrettage\/ hors vernis) selon mod\u00e8les \u00e0 partir de <strong>300 \u20ac<\/strong><br>Remplacement pour une touche neuve \u00e0 partir de <strong>200 \u20ac<\/strong><br>Manche neuf conservant l\u2019ancienne touche \u00e0 partir de <strong>300 \u20ac<\/strong><br>Manche enti\u00e8rement neuf  \u00e0 partir de <strong>450 \u20ac<\/strong><\/p>\n\n\n\n<p>(prix pouvant \u00e9voluer suivant la qualit\u00e9 des bois)<\/p>\n\n\n\n<h3 class=\"wp-block-heading\" style=\"text-transform:uppercase\"><strong>Chevalet<\/strong><\/h3>\n\n\n\n<p>Recollage simple de chevalet <strong>60 \u20ac<\/strong><br>D\u00e9collage puis recollage de chevalet <strong>90 \u20ac<\/strong><br>Fabrication et installation d\u2019un chevalet sur mesure, \u00e0 partir de <strong>100 \u20ac<\/strong><br>Fabrication d\u2019un chevalet de mandoline napolitaine, \u00e0 partir de <strong>120 \u20ac<\/strong><br>Changement de chevalet <strong>sur devis<\/strong><\/p>\n\n\n\n<h3 class=\"wp-block-heading\" style=\"text-transform:uppercase\"><strong>R\u00e9parations de tables d\u2019harmonie<\/strong><\/h3>\n\n\n\n<p>Recollage table ou fond sur \u00e9clisses (sur devis) \u00e0 partir de <strong>40 \u20ac\/<\/strong>emplacement<br>Fentes de table (sur devis) \u00e0 partir de <strong>40 \u20ac\/<\/strong>emplacement<br>* Nouvelle table d\u2019harmonie (flat top), \u00e0 partir de <strong>400 \u20ac<\/strong><br>* Nouvelle table d\u2019harmonie (arched top), \u00e0 partir de <strong>600 \u20ac<\/strong><br>Compl\u00e9ment filets, rosace, vernis\u2026 <strong>sur devis<\/strong><\/p>\n\n\n\n<p>* hors fourniture<\/p>\n\n\n\n<h3 class=\"wp-block-heading\" style=\"text-transform:uppercase\"><strong>Banjo<\/strong><\/h3>\n\n\n\n<p>* Remplacement de peau synth\u00e9tique <strong>50 \u20ac<\/strong><br>* Remplacement de peau naturelle <strong>90 \u20ac<\/strong><\/p>\n\n\n\n<p>* hors fourniture<br><\/p>\n\n\n\n<h3 class=\"wp-block-heading\" style=\"text-transform:uppercase\"><strong>Routing<\/strong><\/h3>\n\n\n\n<p>D\u00e9fonce pour un micro <strong>60 \u20ac<\/strong><br>D\u00e9fonce pour bo\u00eetier pile <strong>50 \u20ac<\/strong><br>Compl\u00e9ment de d\u00e9fonce arri\u00e8re pour bend de vibrato (hors vernis) <strong>60 \u20ac<\/strong><br>D\u00e9fonce compl\u00e8te pour installation de vibrato (hors vernis), \u00e0 partir de <strong>100 \u20ac<\/strong><\/p>\n\n\n\n<h3 class=\"wp-block-heading\" style=\"text-transform:uppercase\"><strong>Vernis<\/strong><\/h3>\n\n\n\n<p>R\u00e9alisation de vernis, \u00e0 titre indicatif (tampon, huiles, cellulosiques, polyur\u00e9thanes):<br>Manche (sur devis), \u00e0 partir de <strong>150 \u20ac<\/strong><br>Corps (sur devis), \u00e0 partir de <strong>300 \u20ac<\/strong><br>op\u00e9rations de restaurations partielles de vernis <strong>sur devis<\/strong>&nbsp;<\/p>\n\n\n\n<h3 class=\"wp-block-heading\" style=\"text-transform:uppercase\"><strong>Compl\u00e9ment \u00e9lectronique<\/strong><\/h3>\n\n\n\n<p>* Pose d&#8217;un syst\u00e8me capteur + pr\u00e9ampli sur guitare acoustique, \u00e0 partir de <strong>50 \u20ac<\/strong>&nbsp;<\/p>\n\n\n\n<p>* Changement de composants (micro, jack, potentiom\u00e8tres, s\u00e9lecteur), \u00e0 partir de <strong>30 \u20ac<\/strong>&nbsp;<\/p>\n\n\n\n<p>* Electriques: rec\u00e2blage complet \u00e0 partir de <strong>60 \u20ac<\/strong>&nbsp;<br>+ blindage \u00e0 partir de <strong>50 \u20ac&nbsp;<\/strong><\/p>\n\n\n\n<p>* hors fourniture<\/p>\n\n\n\n<p><\/p>\n","protected":false},"excerpt":{"rendered":"<p>Bois fendus, t\u00eates cass\u00e9es, joints d\u00e9coll\u00e9s, frettes us\u00e9es, m\u00e9canique HS, \u00e9lectronique aphone, vernis craquel\u00e9s, accastillage vagabond. Les op\u00e9rations de r\u00e9paration ne manquent pas. Certaines, standard, sont forfaitaires, d\u2019autres exigent parfois de se creuser l\u2019esprit. Elles font appel aux multi comp\u00e9tences du luthier et de fait, parfois \u00e0 la n\u00e9cessit\u00e9 de chercher la meilleure approche. Car &hellip; <\/p>\n<p class=\"link-more\"><a href=\"https:\/\/davidhbauer-guitares.com\/index.php\/reparations-restauration\/\" class=\"more-link\">Read more<span class=\"screen-reader-text\"> &#8220;R\u00c9PARATIONS &#038; RESTAURATION&#8221;<\/span><\/a><\/p>\n","protected":false},"author":1,"featured_media":101,"parent":0,"menu_order":0,"comment_status":"closed","ping_status":"closed","template":"","meta":{"footnotes":""},"class_list":["post-99","page","type-page","status-publish","has-post-thumbnail","hentry"],"jetpack_sharing_enabled":true,"_links":{"self":[{"href":"https:\/\/davidhbauer-guitares.com\/index.php\/wp-json\/wp\/v2\/pages\/99","targetHints":{"allow":["GET"]}}],"collection":[{"href":"https:\/\/davidhbauer-guitares.com\/index.php\/wp-json\/wp\/v2\/pages"}],"about":[{"href":"https:\/\/davidhbauer-guitares.com\/index.php\/wp-json\/wp\/v2\/types\/page"}],"author":[{"embeddable":true,"href":"https:\/\/davidhbauer-guitares.com\/index.php\/wp-json\/wp\/v2\/users\/1"}],"replies":[{"embeddable":true,"href":"https:\/\/davidhbauer-guitares.com\/index.php\/wp-json\/wp\/v2\/comments?post=99"}],"version-history":[{"count":29,"href":"https:\/\/davidhbauer-guitares.com\/index.php\/wp-json\/wp\/v2\/pages\/99\/revisions"}],"predecessor-version":[{"id":407,"href":"https:\/\/davidhbauer-guitares.com\/index.php\/wp-json\/wp\/v2\/pages\/99\/revisions\/407"}],"wp:featuredmedia":[{"embeddable":true,"href":"https:\/\/davidhbauer-guitares.com\/index.php\/wp-json\/wp\/v2\/media\/101"}],"wp:attachment":[{"href":"https:\/\/davidhbauer-guitares.com\/index.php\/wp-json\/wp\/v2\/media?parent=99"}],"curies":[{"name":"wp","href":"https:\/\/api.w.org\/{rel}","templated":true}]}}